{"id":2,"date":"2023-07-05T15:41:36","date_gmt":"2023-07-05T13:41:36","guid":{"rendered":"http:\/\/wordpress2380289.home.pl\/home\/pdejnfikoi\/domains\/wszystkoorozwodzielodz.pl\/public_html\/?page_id=2"},"modified":"2024-11-21T23:43:22","modified_gmt":"2024-11-21T22:43:22","slug":"o-autorach","status":"publish","type":"page","link":"https:\/\/wszystkoorozwodzielodz.pl\/index.php\/o-autorach\/","title":{"rendered":"O autorach"},"content":{"rendered":"<h2 style=\"text-align: justify;\"><img loading=\"lazy\" decoding=\"async\" class=\"alignleft size-medium wp-image-33\" src=\"http:\/\/wordpress2380289.home.pl\/home\/pdejnfikoi\/domains\/wszystkoorozwodzielodz.pl\/public_html\/wp-content\/uploads\/2023\/07\/elzbieta-walczak-200x300.jpg\" alt=\"\" width=\"200\" height=\"300\" srcset=\"https:\/\/wszystkoorozwodzielodz.pl\/wp-content\/uploads\/2023\/07\/elzbieta-walczak-200x300.jpg 200w, https:\/\/wszystkoorozwodzielodz.pl\/wp-content\/uploads\/2023\/07\/elzbieta-walczak-683x1024.jpg 683w, https:\/\/wszystkoorozwodzielodz.pl\/wp-content\/uploads\/2023\/07\/elzbieta-walczak-768x1152.jpg 768w, https:\/\/wszystkoorozwodzielodz.pl\/wp-content\/uploads\/2023\/07\/elzbieta-walczak-1024x1536.jpg 1024w, https:\/\/wszystkoorozwodzielodz.pl\/wp-content\/uploads\/2023\/07\/elzbieta-walczak-1365x2048.jpg 1365w, https:\/\/wszystkoorozwodzielodz.pl\/wp-content\/uploads\/2023\/07\/elzbieta-walczak-1200x1800.jpg 1200w, https:\/\/wszystkoorozwodzielodz.pl\/wp-content\/uploads\/2023\/07\/elzbieta-walczak-scaled.jpg 1707w\" sizes=\"auto, (max-width: 200px) 85vw, 200px\" \/>El\u017cbieta Walczak<\/h2>\n<p style=\"text-align: justify;\"><strong>Radca prawny, mediator s\u0105dowy<\/strong><\/p>\n<p style=\"text-align: justify;\">W swojej praktyce koncentruje si\u0119 w szczeg\u00f3lno\u015bci na sprawach cywilnych, spadkowych, rodzinnych. Autorka publikacji dotycz\u0105cych prawa pracy.<\/p>\n<p style=\"text-align: justify;\">Stawia na rozw\u00f3j. Uko\u0144czy\u0142a liczne kursy, szkolenia i studia podyplomowe, w tym VI edycj\u0119 studi\u00f3w podyplomowych \u201ePrawo rodzinne z elementami psychologii\u201d organizowanych przez Wydzia\u0142 Prawa i Administracji Uniwersytetu \u0141\u00f3dzkiego.<\/p>\n<p style=\"text-align: justify;\">Do\u015bwiadczenie zawodowe zdobywa\u0142a pracuj\u0105c w polskim oddziale skandynawskiego banku, \u0142\u00f3dzkich kancelariach prawnych oraz w jednej z mi\u0119dzynarodowych kancelarii prawnych \u015bwiadcz\u0105cych us\u0142ugi na rzecz najwi\u0119kszych podmiot\u00f3w polskich i zagranicznych, gdzie wykonywa\u0142a swoje obowi\u0105zki g\u0142\u00f3wnie w j\u0119zyku angielskim.<\/p>\n<p style=\"text-align: justify;\">W ramach swojej praktyki zawodowej \u015bwiadczy us\u0142ugi prawne tak\u017ce w j\u0119zyku angielskim. Posiada certyfikaty BEC Higher, CAE, TOLES Advanced.<\/p>\n<h2 style=\"text-align: justify;\"><img loading=\"lazy\" decoding=\"async\" class=\"alignleft size-medium wp-image-34\" src=\"http:\/\/wordpress2380289.home.pl\/home\/pdejnfikoi\/domains\/wszystkoorozwodzielodz.pl\/public_html\/wp-content\/uploads\/2023\/07\/michal-walczak-200x300.jpg\" alt=\"\" width=\"200\" height=\"300\" srcset=\"https:\/\/wszystkoorozwodzielodz.pl\/wp-content\/uploads\/2023\/07\/michal-walczak-200x300.jpg 200w, https:\/\/wszystkoorozwodzielodz.pl\/wp-content\/uploads\/2023\/07\/michal-walczak-683x1024.jpg 683w, https:\/\/wszystkoorozwodzielodz.pl\/wp-content\/uploads\/2023\/07\/michal-walczak-768x1152.jpg 768w, https:\/\/wszystkoorozwodzielodz.pl\/wp-content\/uploads\/2023\/07\/michal-walczak-1024x1536.jpg 1024w, https:\/\/wszystkoorozwodzielodz.pl\/wp-content\/uploads\/2023\/07\/michal-walczak-1365x2048.jpg 1365w, https:\/\/wszystkoorozwodzielodz.pl\/wp-content\/uploads\/2023\/07\/michal-walczak-1200x1800.jpg 1200w, https:\/\/wszystkoorozwodzielodz.pl\/wp-content\/uploads\/2023\/07\/michal-walczak-scaled.jpg 1707w\" sizes=\"auto, (max-width: 200px) 85vw, 200px\" \/>Micha\u0142 Walczak<\/h2>\n<p style=\"text-align: justify;\"><strong>Radca prawny, doktor nauk spo\u0142ecznych w dyscyplinie nauki prawne<\/strong><\/p>\n<p style=\"text-align: justify;\">Specjalizuje si\u0119 w prowadzeniu spor\u00f3w s\u0105dowych i doradztwie prawnym w zakresie prawa cywilnego, bankowego, spadkowego, rodzinnego i nieruchomo\u015bci.<\/p>\n<p style=\"text-align: justify;\">Posiada bogate do\u015bwiadczenie zawodowe. W post\u0119powaniach s\u0105dowych reprezentowa\u0142 najwi\u0119ksze podmioty dzia\u0142aj\u0105ce na rynku us\u0142ug bankowych i pocztowych. Bra\u0142 udzia\u0142 w kilkuset sporach s\u0105dowych dotycz\u0105cych um\u00f3w kredytowych i po\u017cyczkowych.<\/p>\n<p style=\"text-align: justify;\">Wyst\u0119powa\u0142 r\u00f3wnie\u017c w sprawach dotycz\u0105cych nieruchomo\u015bci oraz niewykonania um\u00f3w. Udziela\u0142 pomocy prawnej osobom, kt\u00f3re zmaga\u0142y si\u0119 z problemami nieuregulowanych spraw spadkowych oraz konflikt\u00f3w rodzinnych.<\/p>\n<p style=\"text-align: justify;\">Autor publikacji naukowych z zakresu prawa. Uczestnik wielu konferencji naukowych, w tym mi\u0119dzynarodowych.<\/p>\n","protected":false},"excerpt":{"rendered":"<p>El\u017cbieta Walczak Radca prawny, mediator s\u0105dowy W swojej praktyce koncentruje si\u0119 w szczeg\u00f3lno\u015bci na sprawach cywilnych, spadkowych, rodzinnych. Autorka publikacji dotycz\u0105cych prawa pracy. Stawia na rozw\u00f3j. Uko\u0144czy\u0142a liczne kursy, szkolenia i studia podyplomowe, w tym VI edycj\u0119 studi\u00f3w podyplomowych \u201ePrawo rodzinne z elementami psychologii\u201d organizowanych przez Wydzia\u0142 Prawa i Administracji Uniwersytetu \u0141\u00f3dzkiego. Do\u015bwiadczenie zawodowe zdobywa\u0142a &hellip; <a href=\"https:\/\/wszystkoorozwodzielodz.pl\/index.php\/o-autorach\/\" class=\"more-link\">Czytaj dalej<span class=\"screen-reader-text\"> \u201eO autorach\u201d<\/span><\/a><\/p>\n","protected":false},"author":1,"featured_media":0,"parent":0,"menu_order":0,"comment_status":"closed","ping_status":"open","template":"","meta":{"footnotes":""},"class_list":["post-2","page","type-page","status-publish","hentry"],"yoast_head":"<!-- This site is optimized with the Yoast SEO plugin v27.5 - https:\/\/yoast.com\/product\/yoast-seo-wordpress\/ -->\n<title>O autorach - Wszystko o rozwodzie<\/title>\n<meta name=\"robots\" content=\"index, follow, max-snippet:-1, max-image-preview:large, max-video-preview:-1\" \/>\n<link rel=\"canonical\" href=\"https:\/\/wszystkoorozwodzielodz.pl\/index.php\/o-autorach\/\" \/>\n<meta property=\"og:locale\" content=\"pl_PL\" \/>\n<meta property=\"og:type\" content=\"article\" \/>\n<meta property=\"og:title\" content=\"O autorach - Wszystko o rozwodzie\" \/>\n<meta property=\"og:description\" content=\"El\u017cbieta Walczak Radca prawny, mediator s\u0105dowy W swojej praktyce koncentruje si\u0119 w szczeg\u00f3lno\u015bci na sprawach cywilnych, spadkowych, rodzinnych. Autorka publikacji dotycz\u0105cych prawa pracy. Stawia na rozw\u00f3j. Uko\u0144czy\u0142a liczne kursy, szkolenia i studia podyplomowe, w tym VI edycj\u0119 studi\u00f3w podyplomowych \u201ePrawo rodzinne z elementami psychologii\u201d organizowanych przez Wydzia\u0142 Prawa i Administracji Uniwersytetu \u0141\u00f3dzkiego. Do\u015bwiadczenie zawodowe zdobywa\u0142a &hellip; Czytaj dalej \u201eO autorach\u201d\" \/>\n<meta property=\"og:url\" content=\"https:\/\/wszystkoorozwodzielodz.pl\/index.php\/o-autorach\/\" \/>\n<meta property=\"og:site_name\" content=\"Wszystko o rozwodzie\" \/>\n<meta property=\"article:modified_time\" content=\"2024-11-21T22:43:22+00:00\" \/>\n<meta property=\"og:image\" content=\"https:\/\/wszystkoorozwodzielodz.pl\/wp-content\/uploads\/2023\/07\/elzbieta-walczak-scaled.jpg\" \/>\n\t<meta property=\"og:image:width\" content=\"1707\" \/>\n\t<meta property=\"og:image:height\" content=\"2560\" \/>\n\t<meta property=\"og:image:type\" content=\"image\/jpeg\" \/>\n<meta name=\"twitter:card\" content=\"summary_large_image\" \/>\n<meta name=\"twitter:label1\" content=\"Szacowany czas czytania\" \/>\n\t<meta name=\"twitter:data1\" content=\"2 minuty\" \/>\n<script type=\"application\/ld+json\" class=\"yoast-schema-graph\">{\"@context\":\"https:\\\/\\\/schema.org\",\"@graph\":[{\"@type\":\"WebPage\",\"@id\":\"https:\\\/\\\/wszystkoorozwodzielodz.pl\\\/index.php\\\/o-autorach\\\/\",\"url\":\"https:\\\/\\\/wszystkoorozwodzielodz.pl\\\/index.php\\\/o-autorach\\\/\",\"name\":\"O autorach - Wszystko o rozwodzie\",\"isPartOf\":{\"@id\":\"https:\\\/\\\/wszystkoorozwodzielodz.pl\\\/#website\"},\"primaryImageOfPage\":{\"@id\":\"https:\\\/\\\/wszystkoorozwodzielodz.pl\\\/index.php\\\/o-autorach\\\/#primaryimage\"},\"image\":{\"@id\":\"https:\\\/\\\/wszystkoorozwodzielodz.pl\\\/index.php\\\/o-autorach\\\/#primaryimage\"},\"thumbnailUrl\":\"http:\\\/\\\/wordpress2380289.home.pl\\\/home\\\/pdejnfikoi\\\/domains\\\/wszystkoorozwodzielodz.pl\\\/public_html\\\/wp-content\\\/uploads\\\/2023\\\/07\\\/elzbieta-walczak-200x300.jpg\",\"datePublished\":\"2023-07-05T13:41:36+00:00\",\"dateModified\":\"2024-11-21T22:43:22+00:00\",\"breadcrumb\":{\"@id\":\"https:\\\/\\\/wszystkoorozwodzielodz.pl\\\/index.php\\\/o-autorach\\\/#breadcrumb\"},\"inLanguage\":\"pl-PL\",\"potentialAction\":[{\"@type\":\"ReadAction\",\"target\":[\"https:\\\/\\\/wszystkoorozwodzielodz.pl\\\/index.php\\\/o-autorach\\\/\"]}]},{\"@type\":\"ImageObject\",\"inLanguage\":\"pl-PL\",\"@id\":\"https:\\\/\\\/wszystkoorozwodzielodz.pl\\\/index.php\\\/o-autorach\\\/#primaryimage\",\"url\":\"http:\\\/\\\/wordpress2380289.home.pl\\\/home\\\/pdejnfikoi\\\/domains\\\/wszystkoorozwodzielodz.pl\\\/public_html\\\/wp-content\\\/uploads\\\/2023\\\/07\\\/elzbieta-walczak-200x300.jpg\",\"contentUrl\":\"http:\\\/\\\/wordpress2380289.home.pl\\\/home\\\/pdejnfikoi\\\/domains\\\/wszystkoorozwodzielodz.pl\\\/public_html\\\/wp-content\\\/uploads\\\/2023\\\/07\\\/elzbieta-walczak-200x300.jpg\"},{\"@type\":\"BreadcrumbList\",\"@id\":\"https:\\\/\\\/wszystkoorozwodzielodz.pl\\\/index.php\\\/o-autorach\\\/#breadcrumb\",\"itemListElement\":[{\"@type\":\"ListItem\",\"position\":1,\"name\":\"Start\",\"item\":\"https:\\\/\\\/wszystkoorozwodzielodz.pl\\\/\"},{\"@type\":\"ListItem\",\"position\":2,\"name\":\"O autorach\"}]},{\"@type\":\"WebSite\",\"@id\":\"https:\\\/\\\/wszystkoorozwodzielodz.pl\\\/#website\",\"url\":\"https:\\\/\\\/wszystkoorozwodzielodz.pl\\\/\",\"name\":\"Wszystko o rozwodzie\",\"description\":\"Walczak Legal\",\"potentialAction\":[{\"@type\":\"SearchAction\",\"target\":{\"@type\":\"EntryPoint\",\"urlTemplate\":\"https:\\\/\\\/wszystkoorozwodzielodz.pl\\\/?s={search_term_string}\"},\"query-input\":{\"@type\":\"PropertyValueSpecification\",\"valueRequired\":true,\"valueName\":\"search_term_string\"}}],\"inLanguage\":\"pl-PL\"}]}<\/script>\n<!-- \/ Yoast SEO plugin. -->","yoast_head_json":{"title":"O autorach - Wszystko o rozwodzie","robots":{"index":"index","follow":"follow","max-snippet":"max-snippet:-1","max-image-preview":"max-image-preview:large","max-video-preview":"max-video-preview:-1"},"canonical":"https:\/\/wszystkoorozwodzielodz.pl\/index.php\/o-autorach\/","og_locale":"pl_PL","og_type":"article","og_title":"O autorach - Wszystko o rozwodzie","og_description":"El\u017cbieta Walczak Radca prawny, mediator s\u0105dowy W swojej praktyce koncentruje si\u0119 w szczeg\u00f3lno\u015bci na sprawach cywilnych, spadkowych, rodzinnych. Autorka publikacji dotycz\u0105cych prawa pracy. Stawia na rozw\u00f3j. Uko\u0144czy\u0142a liczne kursy, szkolenia i studia podyplomowe, w tym VI edycj\u0119 studi\u00f3w podyplomowych \u201ePrawo rodzinne z elementami psychologii\u201d organizowanych przez Wydzia\u0142 Prawa i Administracji Uniwersytetu \u0141\u00f3dzkiego. Do\u015bwiadczenie zawodowe zdobywa\u0142a &hellip; Czytaj dalej \u201eO autorach\u201d","og_url":"https:\/\/wszystkoorozwodzielodz.pl\/index.php\/o-autorach\/","og_site_name":"Wszystko o rozwodzie","article_modified_time":"2024-11-21T22:43:22+00:00","og_image":[{"width":1707,"height":2560,"url":"https:\/\/wszystkoorozwodzielodz.pl\/wp-content\/uploads\/2023\/07\/elzbieta-walczak-scaled.jpg","type":"image\/jpeg"}],"twitter_card":"summary_large_image","twitter_misc":{"Szacowany czas czytania":"2 minuty"},"schema":{"@context":"https:\/\/schema.org","@graph":[{"@type":"WebPage","@id":"https:\/\/wszystkoorozwodzielodz.pl\/index.php\/o-autorach\/","url":"https:\/\/wszystkoorozwodzielodz.pl\/index.php\/o-autorach\/","name":"O autorach - Wszystko o rozwodzie","isPartOf":{"@id":"https:\/\/wszystkoorozwodzielodz.pl\/#website"},"primaryImageOfPage":{"@id":"https:\/\/wszystkoorozwodzielodz.pl\/index.php\/o-autorach\/#primaryimage"},"image":{"@id":"https:\/\/wszystkoorozwodzielodz.pl\/index.php\/o-autorach\/#primaryimage"},"thumbnailUrl":"http:\/\/wordpress2380289.home.pl\/home\/pdejnfikoi\/domains\/wszystkoorozwodzielodz.pl\/public_html\/wp-content\/uploads\/2023\/07\/elzbieta-walczak-200x300.jpg","datePublished":"2023-07-05T13:41:36+00:00","dateModified":"2024-11-21T22:43:22+00:00","breadcrumb":{"@id":"https:\/\/wszystkoorozwodzielodz.pl\/index.php\/o-autorach\/#breadcrumb"},"inLanguage":"pl-PL","potentialAction":[{"@type":"ReadAction","target":["https:\/\/wszystkoorozwodzielodz.pl\/index.php\/o-autorach\/"]}]},{"@type":"ImageObject","inLanguage":"pl-PL","@id":"https:\/\/wszystkoorozwodzielodz.pl\/index.php\/o-autorach\/#primaryimage","url":"http:\/\/wordpress2380289.home.pl\/home\/pdejnfikoi\/domains\/wszystkoorozwodzielodz.pl\/public_html\/wp-content\/uploads\/2023\/07\/elzbieta-walczak-200x300.jpg","contentUrl":"http:\/\/wordpress2380289.home.pl\/home\/pdejnfikoi\/domains\/wszystkoorozwodzielodz.pl\/public_html\/wp-content\/uploads\/2023\/07\/elzbieta-walczak-200x300.jpg"},{"@type":"BreadcrumbList","@id":"https:\/\/wszystkoorozwodzielodz.pl\/index.php\/o-autorach\/#breadcrumb","itemListElement":[{"@type":"ListItem","position":1,"name":"Start","item":"https:\/\/wszystkoorozwodzielodz.pl\/"},{"@type":"ListItem","position":2,"name":"O autorach"}]},{"@type":"WebSite","@id":"https:\/\/wszystkoorozwodzielodz.pl\/#website","url":"https:\/\/wszystkoorozwodzielodz.pl\/","name":"Wszystko o rozwodzie","description":"Walczak Legal","potentialAction":[{"@type":"SearchAction","target":{"@type":"EntryPoint","urlTemplate":"https:\/\/wszystkoorozwodzielodz.pl\/?s={search_term_string}"},"query-input":{"@type":"PropertyValueSpecification","valueRequired":true,"valueName":"search_term_string"}}],"inLanguage":"pl-PL"}]}},"_links":{"self":[{"href":"https:\/\/wszystkoorozwodzielodz.pl\/index.php\/wp-json\/wp\/v2\/pages\/2","targetHints":{"allow":["GET"]}}],"collection":[{"href":"https:\/\/wszystkoorozwodzielodz.pl\/index.php\/wp-json\/wp\/v2\/pages"}],"about":[{"href":"https:\/\/wszystkoorozwodzielodz.pl\/index.php\/wp-json\/wp\/v2\/types\/page"}],"author":[{"embeddable":true,"href":"https:\/\/wszystkoorozwodzielodz.pl\/index.php\/wp-json\/wp\/v2\/users\/1"}],"replies":[{"embeddable":true,"href":"https:\/\/wszystkoorozwodzielodz.pl\/index.php\/wp-json\/wp\/v2\/comments?post=2"}],"version-history":[{"count":6,"href":"https:\/\/wszystkoorozwodzielodz.pl\/index.php\/wp-json\/wp\/v2\/pages\/2\/revisions"}],"predecessor-version":[{"id":376,"href":"https:\/\/wszystkoorozwodzielodz.pl\/index.php\/wp-json\/wp\/v2\/pages\/2\/revisions\/376"}],"wp:attachment":[{"href":"https:\/\/wszystkoorozwodzielodz.pl\/index.php\/wp-json\/wp\/v2\/media?parent=2"}],"curies":[{"name":"wp","href":"https:\/\/api.w.org\/{rel}","templated":true}]}}